{"id":134,"date":"2021-03-12T09:51:41","date_gmt":"2021-03-12T09:51:41","guid":{"rendered":"http:\/\/projectebuchenwald.amical-mauthausen.org\/testimonis\/"},"modified":"2023-06-28T11:59:42","modified_gmt":"2023-06-28T11:59:42","slug":"testimonios","status":"publish","type":"page","link":"https:\/\/projectebuchenwald.amical-mauthausen.org\/es\/testimonios\/","title":{"rendered":"Testimonios y biograf\u00edas"},"content":{"rendered":"<p>En <strong>Buchenwald<\/strong>, campo de concentraci\u00f3n concebido como una gigantesca y siniestra ciudad, una puerta de hierro, con la inscripci\u00f3n Jedem das seine (A cada uno, lo que se merece), era el acceso para todos los condenados, entre ellos m\u00e1s de 600 republicanos de todo el Estado.<br \/>\nLa mayor\u00eda fueron deportados en 1944, y el resto hab\u00edan llegado el a\u00f1o anterior y en 1945. Algunos de ellos proced\u00edan de otros campos y fueron directamente a comandos exteriores, entre ellos, algunas mujeres que proven\u00edan de Ravensbr\u00fcck; para otros, fue el punto de partida hacia otros destinos. La mortalidad se puede cifrar aproximadamente en un 20%, pero tambi\u00e9n hubo un n\u00famero significativo de desaparecidos<\/p>\n","protected":false},"excerpt":{"rendered":"<p>En Buchenwald, campo de concentraci\u00f3n concebido como una gigantesca y siniestra ciudad, una puerta de hierro, con la inscripci\u00f3n Jedem das seine (A cada uno, lo que se merece), era el acceso para todos los condenados, entre ellos m\u00e1s de 600 republicanos de todo el Estado. La mayor\u00eda fueron deportados en 1944, y el resto [&hellip;]<\/p>\n","protected":false},"author":1,"featured_media":0,"parent":0,"menu_order":0,"comment_status":"closed","ping_status":"closed","template":"page-testimonios.php","meta":{"_acf_changed":false,"footnotes":""},"class_list":["post-134","page","type-page","status-publish","hentry"],"acf":[],"_links":{"self":[{"href":"https:\/\/projectebuchenwald.amical-mauthausen.org\/es\/wp-json\/wp\/v2\/pages\/134","targetHints":{"allow":["GET"]}}],"collection":[{"href":"https:\/\/projectebuchenwald.amical-mauthausen.org\/es\/wp-json\/wp\/v2\/pages"}],"about":[{"href":"https:\/\/projectebuchenwald.amical-mauthausen.org\/es\/wp-json\/wp\/v2\/types\/page"}],"author":[{"embeddable":true,"href":"https:\/\/projectebuchenwald.amical-mauthausen.org\/es\/wp-json\/wp\/v2\/users\/1"}],"replies":[{"embeddable":true,"href":"https:\/\/projectebuchenwald.amical-mauthausen.org\/es\/wp-json\/wp\/v2\/comments?post=134"}],"version-history":[{"count":6,"href":"https:\/\/projectebuchenwald.amical-mauthausen.org\/es\/wp-json\/wp\/v2\/pages\/134\/revisions"}],"predecessor-version":[{"id":242,"href":"https:\/\/projectebuchenwald.amical-mauthausen.org\/es\/wp-json\/wp\/v2\/pages\/134\/revisions\/242"}],"wp:attachment":[{"href":"https:\/\/projectebuchenwald.amical-mauthausen.org\/es\/wp-json\/wp\/v2\/media?parent=134"}],"curies":[{"name":"wp","href":"https:\/\/api.w.org\/{rel}","templated":true}]}}